{"id":220,"date":"2026-05-04T03:54:41","date_gmt":"2026-05-04T01:54:41","guid":{"rendered":"https:\/\/eventos.ins.gov.mz\/?page_id=220"},"modified":"2026-05-04T03:54:42","modified_gmt":"2026-05-04T01:54:42","slug":"instrucoes-para-autores","status":"publish","type":"page","link":"https:\/\/eventos.ins.gov.mz\/index.php\/instrucoes-para-autores\/","title":{"rendered":"Instru\u00e7\u00f5es para autores"},"content":{"rendered":"\n<p>A Comiss\u00e3o Cient\u00edfica convida \u00e0 apresenta\u00e7\u00e3o de resumos sobre investiga\u00e7\u00e3o, pol\u00edticas e pr\u00e1ticas inovadoras nas interfaces entre o ser humano, os animais, as plantas, o clima e o ambiente. Os candidatos s\u00f3 podem escolher um (1) tema. O comit\u00e9 do programa reserva-se o direito de transferir os resumos apresentados para outros temas. S\u00e3o bem-vindas as submiss\u00f5es no \u00e2mbito dos quatro temas seguintes, bem como a sua correspond\u00eancia com os temas sugeridos\/esperados:<\/p>\n\n\n\n<p><strong>1.Impactos das mudan\u00e7as clim\u00e1ticas na incid\u00eancia de doen\u00e7as transmiss\u00edveis e n\u00e3o transmiss\u00edveis<\/strong><\/p>\n\n\n\n<p>Aumento das infe\u00e7\u00f5es de origem h\u00eddrica e alimentar; risco acrescido de transmiss\u00e3o de zoonoses; perturba\u00e7\u00f5es nos servi\u00e7os de sa\u00fade causadas por fen\u00f3menos clim\u00e1ticos extremos; enfraquecimento dos sistemas de vigil\u00e2ncia; intensifica\u00e7\u00e3o das vulnerabilidades em comunidades que j\u00e1 enfrentam desafios relacionados com doen\u00e7as infecciosas. A polui\u00e7\u00e3o atmosf\u00e9rica agrava as doen\u00e7as respirat\u00f3rias cr\u00f3nicas; as ondas de calor aumentam os riscos cardiovasculares; a inseguran\u00e7a alimentar induzida pelo clima contribui tanto para a subnutri\u00e7\u00e3o como para a obesidade; impactos na sa\u00fade mental decorrentes de cat\u00e1strofes clim\u00e1ticas repetidas; vias interligadas que demonstram como as altera\u00e7\u00f5es clim\u00e1ticas amplificam os encargos de sa\u00fade existentes e a necessidade de sistemas de sa\u00fade resilientes \u00e0s altera\u00e7\u00f5es clim\u00e1ticas e de pol\u00edticas integradas que abordem tanto as doen\u00e7as infecciosas como as cr\u00f3nicas.<\/p>\n\n\n\n<p><strong>2.ONE-Health (Uma Sa\u00fade) no contexto das mudan\u00e7as clim\u00e1ticas e da sa\u00fade<\/strong><\/p>\n\n\n\n<p>A abordagem One Health proporciona um quadro para a previs\u00e3o, preven\u00e7\u00e3o e resposta integradas a amea\u00e7as \u00e0 sa\u00fade sens\u00edveis \u00e0s mudan\u00e7as clim\u00e1ticas; os sistemas de vigil\u00e2ncia conjunta, a partilha intersectorial de dados e os mecanismos integrados de alerta precoce refor\u00e7am a prepara\u00e7\u00e3o para surtos provocados pelo clima e riscos ambientais; o uso do solo, a perda de biodiversidade e as pr\u00e1ticas agr\u00edcolas influenciam o surgimento de doen\u00e7as; os sistemas alimentares resilientes \u00e0s mudan\u00e7as clim\u00e1ticas reduzem tanto a malnutri\u00e7\u00e3o como os riscos zoon\u00f3ticos; o conhecimento comunit\u00e1rio e ind\u00edgena para complementar as abordagens cient\u00edficas; as necessidades de refor\u00e7o de capacidades para equipas multidisciplinares e o papel da One Health nas estrat\u00e9gias nacionais de clima e sa\u00fade.<\/p>\n\n\n\n<p><strong>3.Educa\u00e7\u00e3o, comunica\u00e7\u00e3o, alfabetiza\u00e7\u00e3o e o papel da comunidade nas mudan\u00e7as clim\u00e1ticas e na sa\u00fade<\/strong><\/p>\n\n\n\n<p>Refor\u00e7ar a capacidade das pessoas para compreender os riscos relacionados com o clima e tomar medidas informadas para proteger o seu bem-estar; desenvolver a literacia em mat\u00e9ria de clima e sa\u00fade nas escolas, universidades e programas de forma\u00e7\u00e3o profissional, bem como capacitar as comunidades atrav\u00e9s de informa\u00e7\u00e3o acess\u00edvel e culturalmente relevante; forma\u00e7\u00e3o em sa\u00fade p\u00fablica, forma\u00e7\u00e3o m\u00e9dica e altera\u00e7\u00f5es clim\u00e1ticas noutros programas curriculares; traduzir evid\u00eancias cient\u00edficas em mensagens claras e exequ\u00edveis, especialmente durante eventos meteorol\u00f3gicos extremos (\u00abalerta precoce para todos\u00bb); combater a desinforma\u00e7\u00e3o, recorrendo a mensageiros de confian\u00e7a e adaptando as mensagens aos grupos vulner\u00e1veis; inova\u00e7\u00e3o e m\u00e9todos de aprendizagem participativos que ajudem as pessoas a antecipar e a responder a amea\u00e7as \u00e0 sa\u00fade relacionadas com o clima; refor\u00e7o da capacidade institucional para lidar com fatores de stress clim\u00e1ticos; parcerias intersetoriais para garantir que as mensagens sobre clima e sa\u00fade sejam coerentes, inclusivas e alinhadas com as estrat\u00e9gias nacionais de adapta\u00e7\u00e3o.<\/p>\n\n\n\n<p><strong>4.Sa\u00fade digital e outras inova\u00e7\u00f5es para fazer face \u00e0s mudan\u00e7as clim\u00e1ticas e \u00e0 sa\u00fade<\/strong><\/p>\n\n\n\n<p>Inova\u00e7\u00f5es e ferramentas de sa\u00fade digital destinadas tanto a mitigar os impactos das mudan\u00e7as clim\u00e1ticas na sa\u00fade como a reduzir a pegada ambiental dos sistemas de sa\u00fade; tecnologias (telemedicina, aplica\u00e7\u00f5es m\u00f3veis de sa\u00fade, registos de sa\u00fade eletr\u00f3nicos, monitoriza\u00e7\u00e3o do ambiente interior e dispositivos vest\u00edveis) para melhorar a implementa\u00e7\u00e3o de medidas de mitiga\u00e7\u00e3o e adapta\u00e7\u00e3o; redu\u00e7\u00e3o das emiss\u00f5es de carbono atrav\u00e9s da redu\u00e7\u00e3o de desloca\u00e7\u00f5es desnecess\u00e1rias e da optimiza\u00e7\u00e3o da utiliza\u00e7\u00e3o de recursos; melhoria do acesso \u00e0 informa\u00e7\u00e3o de sa\u00fade, possibilitando cuidados \u00e0 dist\u00e2ncia durante fen\u00f3menos meteorol\u00f3gicos extremos e apoiando a continuidade dos servi\u00e7os quando as instala\u00e7\u00f5es de sa\u00fade s\u00e3o afectadas; sa\u00fade digital a contribuir para sistemas resilientes \u00e0s altera\u00e7\u00f5es clim\u00e1ticas, refor\u00e7ando a vigil\u00e2ncia, apoiando mecanismos de alerta precoce e melhorando a capacidade de resposta a emerg\u00eancias; ferramentas digitais para monitorizar o consumo de energia, reduzir o desperd\u00edcio e adop\u00e7\u00e3o de pr\u00e1ticas mais ecol\u00f3gicas; programas de telessa\u00fade sens\u00edveis \u00e0s mudan\u00e7as clim\u00e1ticas.<\/p>\n","protected":false},"excerpt":{"rendered":"<p>A Comiss\u00e3o Cient\u00edfica convida \u00e0 apresenta\u00e7\u00e3o de resumos sobre investiga\u00e7\u00e3o, pol\u00edticas e pr\u00e1ticas inovadoras nas interfaces entre o ser humano, os animais, as plantas, o clima e o ambiente. Os candidatos s\u00f3 podem escolher um (1) tema. O comit\u00e9 do programa reserva-se o direito de transferir os resumos apresentados para outros temas. S\u00e3o bem-vindas as [&hellip;]<\/p>\n","protected":false},"author":1,"featured_media":0,"parent":0,"menu_order":0,"comment_status":"closed","ping_status":"closed","template":"","meta":{"_acf_changed":false,"footnotes":""},"class_list":["post-220","page","type-page","status-publish","hentry"],"acf":[],"_links":{"self":[{"href":"https:\/\/eventos.ins.gov.mz\/index.php\/wp-json\/wp\/v2\/pages\/220","targetHints":{"allow":["GET"]}}],"collection":[{"href":"https:\/\/eventos.ins.gov.mz\/index.php\/wp-json\/wp\/v2\/pages"}],"about":[{"href":"https:\/\/eventos.ins.gov.mz\/index.php\/wp-json\/wp\/v2\/types\/page"}],"author":[{"embeddable":true,"href":"https:\/\/eventos.ins.gov.mz\/index.php\/wp-json\/wp\/v2\/users\/1"}],"replies":[{"embeddable":true,"href":"https:\/\/eventos.ins.gov.mz\/index.php\/wp-json\/wp\/v2\/comments?post=220"}],"version-history":[{"count":1,"href":"https:\/\/eventos.ins.gov.mz\/index.php\/wp-json\/wp\/v2\/pages\/220\/revisions"}],"predecessor-version":[{"id":221,"href":"https:\/\/eventos.ins.gov.mz\/index.php\/wp-json\/wp\/v2\/pages\/220\/revisions\/221"}],"wp:attachment":[{"href":"https:\/\/eventos.ins.gov.mz\/index.php\/wp-json\/wp\/v2\/media?parent=220"}],"curies":[{"name":"wp","href":"https:\/\/api.w.org\/{rel}","templated":true}]}}